{"id":159,"date":"2021-03-19T13:15:11","date_gmt":"2021-03-19T12:15:11","guid":{"rendered":"https:\/\/mobilesauna24.de\/?page_id=159"},"modified":"2023-01-19T20:24:08","modified_gmt":"2023-01-19T19:24:08","slug":"nutzungsvertrag","status":"publish","type":"page","link":"https:\/\/mobilesauna24.de\/index.php\/nutzungsvertrag\/","title":{"rendered":"Mietvertrag"},"content":{"rendered":"\n<p><\/p>\n\n\n\n<p>Im Mietvertrag steht dann sinngem\u00e4\u00df Folgendes:<\/p>\n\n\n\n<p>Der Mieter haftet f\u00fcr alle Sch\u00e4den w\u00e4hrend der Mietzeit auch von und durch Dritte. Bei Selbstabholung auch f\u00fcr Sch\u00e4den im Stra\u00dfenverkehr.<\/p>\n\n\n\n<p>Die Sachen sind pfleglich zu behandeln. Kein Essen Alkohol und Rauchen. Entstandene Sch\u00e4den werden mit der Kaution verrechnet<\/p>\n\n\n\n<p>Bei Selbstabholung ist ferner zu beachten, da\u00df das Auto beim F\u00e4ssle 1400 kg  und beim H\u00e4usle 1800 kg ziehen kann, ein g\u00fcltiger F\u00fchrerschein bei Verlangen herzuzeigen ist und die Klasse 3 oder Zusatzbezeichnung BE enthalten sein muss.<\/p>\n\n\n\n<p>Die Saunamiete samt Kaution sind im Vorraus zu entrichten.<\/p>\n\n\n\n<p>Bei R\u00fccktritt des Vertrages fallen bis 7 Tage vor der Vermietung 50% der Kosten an. Danach 80%.<br>Wenn allerdings der Vermieter den Vertrag aufheben muss, kann der Termin zu einem anderen Zeitpunkt nachgeholt werden<br><\/p>\n\n\n\n<p><strong><mark style=\"background-color:rgba(0, 0, 0, 0);color:#a3000d\" class=\"has-inline-color\">Den Mietvertrag unterschbeiben Sie bei der Abholung bzw \u00dcbergabe de Sauna<\/mark><\/strong><\/p>\n\n\n\n<p>Anschrift: E.-M. Zimmermann ; Jugendheimweg 7; 86956 Schongau; <\/p>\n\n\n\n<p class=\"has-text-align-center\"> Telefon: <strong>+49 160 938 77 066<\/strong> <\/p>\n\n\n\n<p class=\"has-text-align-center\">Mail: <a href=\"mailto:info@mobilesauna24.de\">info@mobilesauna24.de<\/a><a href=\"https:\/\/mobilesauna24.de\/\"> <\/a><\/p>\n\n\n\n<p class=\"has-text-align-center\"><a href=\"https:\/\/mobilesauna24.de\/\">https:\/\/mobilesauna24.de<\/a><a href=\"https:\/\/mobilesauna24.de\/\" target=\"_blank\" rel=\"noreferrer noopener\"> <\/a><\/p>\n\n\n\n<p class=\"has-text-align-center\"><a href=\"https:\/\/mobilesauna24.de\/\" target=\"_blank\" rel=\"noreferrer noopener\">https:\/\/schongauer-sauna-f\u00e4ssle.de<\/a><a href=\"https:\/\/mobilesauna24.de\/index.php\/privacy-policy\/\"> <\/a><\/p>\n\n\n\n<p class=\"has-text-align-center\"><a href=\"https:\/\/mobilesauna24.de\/index.php\/privacy-policy\/\">Datenschutzerkl\u00e4rung<\/a> <\/p>\n\n\n\n<p class=\"has-text-align-center\">Empfohlene Links: <\/p>\n\n\n\n<p class=\"has-text-align-center\"><a href=\"http:\/\/myfewo.eu\/\">www,myfewo.eu<\/a><a href=\"https:\/\/scholz-burggen.de\/\"> <\/a><\/p>\n\n\n\n<p class=\"has-text-align-center\"><a href=\"https:\/\/scholz-burggen.de\/\">https:\/\/scholz-burggen.de<\/a><\/p>\n\n\n\n<p class=\"has-text-align-center\"> <a href=\"http:\/\/klangundblueten.de\" target=\"_blank\" rel=\"noreferrer noopener\">http:\/\/klangundblueten.de<\/a> <\/p>\n\n\n\n<p class=\"has-text-align-center\">  Kleingewerbe ist nach \u00a7 19 UStG Umsatzsteuerbefreit. <\/p>\n\n\n\n<p class=\"has-text-align-center\">                  Steuer Nummer 168\/292\/90492 <\/p>\n","protected":false},"excerpt":{"rendered":"<p>Im Mietvertrag steht dann sinngem\u00e4\u00df Folgendes: Der Mieter haftet f\u00fcr alle Sch\u00e4den w\u00e4hrend der Mietzeit auch von und durch Dritte.&hellip;<\/p>\n","protected":false},"author":1,"featured_media":0,"parent":0,"menu_order":0,"comment_status":"closed","ping_status":"closed","template":"","meta":{"ngg_post_thumbnail":0,"footnotes":""},"class_list":["post-159","page","type-page","status-publish","hentry"],"_links":{"self":[{"href":"https:\/\/mobilesauna24.de\/index.php\/wp-json\/wp\/v2\/pages\/159","targetHints":{"allow":["GET"]}}],"collection":[{"href":"https:\/\/mobilesauna24.de\/index.php\/wp-json\/wp\/v2\/pages"}],"about":[{"href":"https:\/\/mobilesauna24.de\/index.php\/wp-json\/wp\/v2\/types\/page"}],"author":[{"embeddable":true,"href":"https:\/\/mobilesauna24.de\/index.php\/wp-json\/wp\/v2\/users\/1"}],"replies":[{"embeddable":true,"href":"https:\/\/mobilesauna24.de\/index.php\/wp-json\/wp\/v2\/comments?post=159"}],"version-history":[{"count":19,"href":"https:\/\/mobilesauna24.de\/index.php\/wp-json\/wp\/v2\/pages\/159\/revisions"}],"predecessor-version":[{"id":946,"href":"https:\/\/mobilesauna24.de\/index.php\/wp-json\/wp\/v2\/pages\/159\/revisions\/946"}],"wp:attachment":[{"href":"https:\/\/mobilesauna24.de\/index.php\/wp-json\/wp\/v2\/media?parent=159"}],"curies":[{"name":"wp","href":"https:\/\/api.w.org\/{rel}","templated":true}]}}