{"id":61,"date":"2021-02-20T02:01:22","date_gmt":"2021-02-20T01:01:22","guid":{"rendered":"http:\/\/mobilesauna24.de\/?page_id=61"},"modified":"2022-03-30T00:27:51","modified_gmt":"2022-03-29T23:27:51","slug":"warum-sauna","status":"publish","type":"page","link":"https:\/\/mobilesauna24.de\/index.php\/warum-sauna\/","title":{"rendered":"Warum Sauna?"},"content":{"rendered":"\n<p>Deshalb sollten Sie in die Sauna gehen:<\/p>\n\n\n\n<p><strong>Sauna verbessert die Atmung<\/strong><\/p>\n\n\n\n<p>Durch die krassen Temperaturunterschiede von 90\u00b0C in der Kabine auf 0-15\u00b0C zur Au\u00dfenluft oder dem See ist gut f\u00fcr die Lungent\u00e4tigkeit denn durch den K\u00e4ltereiz ziehen sich die Lungengef\u00e4\u00dfe und alle anderen Gef\u00e4\u00dfe im K\u00f6rper zusammen und durch die anschlie\u00dfende Hitze dehnen sie sich wieder aus. Gut f\u00fcr den ganzen K\u00f6rper denn es steigert dadurch die Durchblutung und sorgt f\u00fcr angenehme Atmung<\/p>\n\n\n\n<p><strong>Sauna st\u00e4rkt das Immunsystem<\/strong><\/p>\n\n\n\n<p>Hei\u00df und kalt. Diese Wechselwirkungen wirken sich positiv auf den K\u00f6rper aus. Man wird Infektionsresistenter, Herz und Kreislauf werden optimal trainiert.<\/p>\n\n\n\n<p><strong>Sauna entspannt die Muskulatur<\/strong><\/p>\n\n\n\n<p>Joggen Sie oder machen Sie einen strammen Spaziergang und dann in die hei\u00dfe Sauna. Nichts ist sch\u00f6ner. Beugt Muskelkater vor und sorgt f\u00fcr eine gute Durchblutung<\/p>\n\n\n\n<figure class=\"wp-block-image size-large\"><img loading=\"lazy\" decoding=\"async\" width=\"1024\" height=\"554\" src=\"https:\/\/mobilesauna24.de\/wp-content\/uploads\/2021\/05\/cropped-Sauna-im-Einsatz-scaled-1-1024x554.jpg\" alt=\"Mobile Sauna\" class=\"wp-image-394\" srcset=\"https:\/\/mobilesauna24.de\/wp-content\/uploads\/2021\/05\/cropped-Sauna-im-Einsatz-scaled-1-1024x554.jpg 1024w, https:\/\/mobilesauna24.de\/wp-content\/uploads\/2021\/05\/cropped-Sauna-im-Einsatz-scaled-1-300x162.jpg 300w, https:\/\/mobilesauna24.de\/wp-content\/uploads\/2021\/05\/cropped-Sauna-im-Einsatz-scaled-1-768x415.jpg 768w, https:\/\/mobilesauna24.de\/wp-content\/uploads\/2021\/05\/cropped-Sauna-im-Einsatz-scaled-1-1536x831.jpg 1536w, https:\/\/mobilesauna24.de\/wp-content\/uploads\/2021\/05\/cropped-Sauna-im-Einsatz-scaled-1-2048x1108.jpg 2048w, https:\/\/mobilesauna24.de\/wp-content\/uploads\/2021\/05\/cropped-Sauna-im-Einsatz-scaled-1-1600x865.jpg 1600w\" sizes=\"auto, (max-width: 1024px) 100vw, 1024px\" \/><figcaption>Sauna im Garten<\/figcaption><\/figure>\n\n\n\n<h4 class=\"wp-block-heading\"><strong>Sauna beugt Migr\u00e4ne vor<\/strong><\/h4>\n\n\n\n<p>Kopfschmerz lindern oder gar vergessen?<\/p>\n\n\n\n<p>Bei regelm\u00e4\u00dfigen Saunag\u00e4ngen nicht ausgeschlossen. Auch hier werden die Gef\u00e4\u00dfe trainiert und vorgebeugt. Probieren Sie es aus. Es lohnt sich.<\/p>\n\n\n\n<p><strong>Die Haut wird noch sch\u00f6ner. Haben Sie schon mal was von Anti Aging geh\u00f6rt?<\/strong><\/p>\n\n\n\n<p>Ja. Es verlangsamt den Alterungsproze\u00df. Leider noch nicht bei einem Saunagang, aber wenn Sie regelm\u00e4\u00dfig gehen\u2026&nbsp;<\/p>\n\n\n\n<p>und wieder das mit der Wechselwirkung: die Haut altert weniger schnell, weil durch den kalten Guss sich die Gef\u00e4\u00dfe zusammenziehen und sich darauf mit der Hitze sich wieder ausdehnen und rosig erscheinen l\u00e4sst. Die Durchblutung wird gef\u00f6rdert. Ein wohliges W\u00e4rmegef\u00fchl durchzieht die Haut und den K\u00f6rper.<\/p>\n\n\n\n<p><strong>Passiver Sport<\/strong><\/p>\n\n\n\n<p>Sie nehmen zwar nicht ab, aber Herz und Kreislauf wird moderat \u2013 wie bei leichtem Ausdauertraining \u2013 gest\u00e4rkt<\/p>\n\n\n\n<p><strong>Gesundheitliche Eignung:<\/strong>&nbsp;<\/p>\n\n\n\n<p>Die Nutzung der Sauna erfolgt auf Ihre eigene Gefahr bzw. auf eigene Gefahr der weiteren Nutzer. Bei Risiken oder Bedenken sollte zuvor der Arzt befragt werden.<\/p>\n\n\n\n<p><\/p>\n\n\n\n<p class=\"has-text-align-center\"><strong>Aber trotz allen sch\u00f6nen Eigenschaften:<\/strong><\/p>\n\n\n\n<p class=\"has-text-align-center\">Wir \u00fcbernehmen nat\u00fcrlich keine Garantie f\u00fcr Ihre Gesundheit<\/p>\n\n\n\n<p>Anschrift: Eva-Maria Zimmermann ; Jugendheimweg 7; 86956 Schongau; <\/p>\n\n\n\n<p class=\"has-text-align-center\"> Telefon: <strong>+49 160 938 77 066<\/strong> <\/p>\n\n\n\n<p class=\"has-text-align-center\">Mail:<a href=\"mailto:info@mobilesauna24.de\">info@mobilesauna24.de<\/a><a href=\"https:\/\/mobilesauna24.de\/\"> <\/a><\/p>\n\n\n\n<p class=\"has-text-align-center\"><a href=\"https:\/\/mobilesauna24.de\/\">https:\/\/mobilesauna24.de<\/a><a href=\"https:\/\/mobilesauna24.de\/\" target=\"_blank\" rel=\"noreferrer noopener\"> <\/a><\/p>\n\n\n\n<p class=\"has-text-align-center\"><a href=\"https:\/\/mobilesauna24.de\/\" target=\"_blank\" rel=\"noreferrer noopener\">https:\/\/schongauer-sauna-f\u00e4ssle.de<\/a><a href=\"https:\/\/mobilesauna24.de\/index.php\/privacy-policy\/\"> <\/a><\/p>\n\n\n\n<p class=\"has-text-align-center\"><a href=\"https:\/\/mobilesauna24.de\/index.php\/privacy-policy\/\">Datenschutzerkl\u00e4rung<\/a> <\/p>\n\n\n\n<p class=\"has-text-align-center\">Empfohlene Links: <\/p>\n\n\n\n<p class=\"has-text-align-center\"><a href=\"http:\/\/myfewo.eu\/\">www,myfewo.eu<\/a><a href=\"https:\/\/scholz-burggen.de\/\"> <\/a><\/p>\n\n\n\n<p class=\"has-text-align-center\"><a href=\"https:\/\/scholz-burggen.de\/\">https:\/\/scholz-burggen.de<\/a><\/p>\n\n\n\n<p class=\"has-text-align-center\"> <a href=\"http:\/\/klangundblueten.de\" target=\"_blank\" rel=\"noreferrer noopener\">http:\/\/klangundblueten.de<\/a> <\/p>\n\n\n\n<p>     Kleingewerbe ist nach \u00a7 19 UStG Umsatzsteuerbefreit. Steuer Nummer 168\/292\/90492 <\/p>\n","protected":false},"excerpt":{"rendered":"<p>Deshalb sollten Sie in die Sauna gehen: Sauna verbessert die Atmung Durch die krassen Temperaturunterschiede von 90\u00b0C in der Kabine&hellip;<\/p>\n","protected":false},"author":1,"featured_media":0,"parent":0,"menu_order":0,"comment_status":"closed","ping_status":"closed","template":"","meta":{"ngg_post_thumbnail":0,"footnotes":""},"class_list":["post-61","page","type-page","status-publish","hentry"],"_links":{"self":[{"href":"https:\/\/mobilesauna24.de\/index.php\/wp-json\/wp\/v2\/pages\/61","targetHints":{"allow":["GET"]}}],"collection":[{"href":"https:\/\/mobilesauna24.de\/index.php\/wp-json\/wp\/v2\/pages"}],"about":[{"href":"https:\/\/mobilesauna24.de\/index.php\/wp-json\/wp\/v2\/types\/page"}],"author":[{"embeddable":true,"href":"https:\/\/mobilesauna24.de\/index.php\/wp-json\/wp\/v2\/users\/1"}],"replies":[{"embeddable":true,"href":"https:\/\/mobilesauna24.de\/index.php\/wp-json\/wp\/v2\/comments?post=61"}],"version-history":[{"count":9,"href":"https:\/\/mobilesauna24.de\/index.php\/wp-json\/wp\/v2\/pages\/61\/revisions"}],"predecessor-version":[{"id":750,"href":"https:\/\/mobilesauna24.de\/index.php\/wp-json\/wp\/v2\/pages\/61\/revisions\/750"}],"wp:attachment":[{"href":"https:\/\/mobilesauna24.de\/index.php\/wp-json\/wp\/v2\/media?parent=61"}],"curies":[{"name":"wp","href":"https:\/\/api.w.org\/{rel}","templated":true}]}}