{"id":64,"date":"2021-02-20T02:08:20","date_gmt":"2021-02-20T01:08:20","guid":{"rendered":"http:\/\/mobilesauna24.de\/?page_id=64"},"modified":"2022-03-30T00:27:18","modified_gmt":"2022-03-29T23:27:18","slug":"warum-nicht","status":"publish","type":"page","link":"https:\/\/mobilesauna24.de\/index.php\/warum-nicht\/","title":{"rendered":"Warum nicht?"},"content":{"rendered":"\n<p><strong>Warum nicht oder nur sehr vorsichtig?<\/strong><\/p>\n\n\n\n<p>Bei <strong>Bluthochdruck <\/strong>moderat schwitzen. H\u00f6ren Sie auf Ihren K\u00f6rper. Verlassen Sie rechtzeitig die Sauna.<\/p>\n\n\n\n<p>Verzichten Sie auf kalte Tauchb\u00e4der. Duschen Sie vorsichtig Ihre Beine, Arme und Gesicht ab<\/p>\n\n\n\n<p>Ein moderater Pulsanstieg ist allerdings normal. Das beobachtet man auch beim Sport.<\/p>\n\n\n\n<p><strong>Krampfadern<\/strong><\/p>\n\n\n\n<p>Dass man mit Venenleiden nicht in&nbsp;die Sauna&nbsp;darf, ist eine weit verbreitete Annahme. Venenleiden ist allerdings nicht gleich Venenleiden: W\u00e4hrend ein Saunabad bei frischer Thrombose und akuter Venenentz\u00fcndung tabu ist, kann das Ritual bei nicht akut entz\u00fcndeten&nbsp;Krampfadern&nbsp;sogar mildernd wirken. Vorher den Arzt fragen!<\/p>\n\n\n\n<p><strong>Infekte<\/strong><\/p>\n\n\n\n<p>Wenn Sie Fieber haben oder andere entz\u00fcndliche Reaktionen sollten Sie die Sauna meiden<\/p>\n\n\n\n<p><strong>Bronchitis<\/strong><\/p>\n\n\n\n<p>Bei Erkrankungen wie chronischer&nbsp;Bronchitis&nbsp;f\u00e4llt danach das Atmen leichter. Sind Muskeln und Sehnen verletzt,&nbsp;kann&nbsp;Saunieren den Heilungsprozess unterst\u00fctzen. Sogar wer an bestimmten Formen von Bluthochdruck (Stadium 1 und 2) leidet,&nbsp;kann&nbsp;profitieren: Die&nbsp;Sauna&nbsp;weitet die Gef\u00e4\u00dfe \u2013 der Kreislauf wird so entlastet. Auch hier bitte vorher den Arzt fragen<\/p>\n\n\n\n<p><strong>Nach frischen Operationen<\/strong><\/p>\n\n\n\n<p>Erst wenn die Wunde gut verheilt ist<\/p>\n\n\n\n<p><\/p>\n\n\n\n<p class=\"has-text-align-center\">Der Autor \u00fcbernimmt keine Haftung<\/p>\n\n\n\n<p>Anschrift:  Eva-Maria Zimmermann ; Jugendheimweg 7; 86956 Schongau;<\/p>\n\n\n\n<p class=\"has-text-align-center\"> Telefon: <strong>+49 160 938 77 066<\/strong> <\/p>\n\n\n\n<p class=\"has-text-align-center\"> Mail: <a href=\"mailto:info@mobilesauna24.de\">info@mobilesauna24.de<\/a><a href=\"https:\/\/mobilesauna24.de\/\"> <\/a><\/p>\n\n\n\n<p class=\"has-text-align-center\"><a href=\"https:\/\/mobilesauna24.de\/\">https:\/\/mobilesauna24.de<\/a><a href=\"https:\/\/mobilesauna24.de\/\" target=\"_blank\" rel=\"noreferrer noopener\"> <\/a><\/p>\n\n\n\n<p class=\"has-text-align-center\"><a href=\"https:\/\/mobilesauna24.de\/\" target=\"_blank\" rel=\"noreferrer noopener\">https:\/\/schongauer-sauna-f\u00e4ssle.de<\/a><a href=\"https:\/\/mobilesauna24.de\/index.php\/privacy-policy\/\"> <\/a><\/p>\n\n\n\n<p class=\"has-text-align-center\"><a href=\"https:\/\/mobilesauna24.de\/index.php\/privacy-policy\/\">Datenschutzerkl\u00e4rung<\/a> <\/p>\n\n\n\n<p class=\"has-text-align-center\">Empfohlene Links: <\/p>\n\n\n\n<p class=\"has-text-align-center\"><a href=\"http:\/\/myfewo.eu\/\">www,myfewo.eu<\/a><a href=\"https:\/\/scholz-burggen.de\/\"> <\/a><\/p>\n\n\n\n<p class=\"has-text-align-center\"><a href=\"https:\/\/scholz-burggen.de\/\">https:\/\/scholz-burggen.de<\/a><\/p>\n\n\n\n<p class=\"has-text-align-center\"> <a href=\"http:\/\/klangundblueten.de\" target=\"_blank\" rel=\"noreferrer noopener\">http:\/\/klangundblueten.de<\/a> <\/p>\n\n\n\n<p>  Kleingewerbe ist nach \u00a7 19 UStG Umsatzsteuerbefreit. Steuer Nummer 168\/292\/90492 <\/p>\n","protected":false},"excerpt":{"rendered":"<p>Warum nicht oder nur sehr vorsichtig? Bei Bluthochdruck moderat schwitzen. H\u00f6ren Sie auf Ihren K\u00f6rper. Verlassen Sie rechtzeitig die Sauna.&hellip;<\/p>\n","protected":false},"author":1,"featured_media":0,"parent":0,"menu_order":0,"comment_status":"closed","ping_status":"closed","template":"","meta":{"ngg_post_thumbnail":0,"footnotes":""},"class_list":["post-64","page","type-page","status-publish","hentry"],"_links":{"self":[{"href":"https:\/\/mobilesauna24.de\/index.php\/wp-json\/wp\/v2\/pages\/64","targetHints":{"allow":["GET"]}}],"collection":[{"href":"https:\/\/mobilesauna24.de\/index.php\/wp-json\/wp\/v2\/pages"}],"about":[{"href":"https:\/\/mobilesauna24.de\/index.php\/wp-json\/wp\/v2\/types\/page"}],"author":[{"embeddable":true,"href":"https:\/\/mobilesauna24.de\/index.php\/wp-json\/wp\/v2\/users\/1"}],"replies":[{"embeddable":true,"href":"https:\/\/mobilesauna24.de\/index.php\/wp-json\/wp\/v2\/comments?post=64"}],"version-history":[{"count":8,"href":"https:\/\/mobilesauna24.de\/index.php\/wp-json\/wp\/v2\/pages\/64\/revisions"}],"predecessor-version":[{"id":749,"href":"https:\/\/mobilesauna24.de\/index.php\/wp-json\/wp\/v2\/pages\/64\/revisions\/749"}],"wp:attachment":[{"href":"https:\/\/mobilesauna24.de\/index.php\/wp-json\/wp\/v2\/media?parent=64"}],"curies":[{"name":"wp","href":"https:\/\/api.w.org\/{rel}","templated":true}]}}