{"id":71,"date":"2021-02-20T02:23:44","date_gmt":"2021-02-20T01:23:44","guid":{"rendered":"http:\/\/mobilesauna24.de\/?page_id=71"},"modified":"2022-03-30T00:26:09","modified_gmt":"2022-03-29T23:26:09","slug":"vorsichtsmassnahmen","status":"publish","type":"page","link":"https:\/\/mobilesauna24.de\/index.php\/vorsichtsmassnahmen\/","title":{"rendered":"Vorsichtsma\u00dfnahmen"},"content":{"rendered":"\n<p><strong>Vorsichtsma\u00dfnahmen<\/strong><\/p>\n\n\n\n<ul class=\"wp-block-list\"><li> Ein langer Aufenthalt in einer hei\u00dfen Sauna f\u00fchrt zum Ansteigen der K\u00f6rpertemperatur, was gef\u00e4hrlich sein kann.&nbsp;<\/li><li><strong>Achtung vor dem hei\u00dfen Saunaofen!<\/strong> Die Steine sowie das Geh\u00e4use werden sehr hei\u00df und k\u00f6nnen die Haut verbrennen.<\/li><li>&nbsp;Achten Sie auch darauf, dass Sie kein Wasser auf die Steine gie\u00dfen, wenn sich jemand in deren N\u00e4he befindet. Der hei\u00dfe Dampf k\u00f6nnte Brandwunden verursachen.<\/li><li>Halten Sie Kinder vom Ofen fern.&nbsp;<\/li><li>Kinder, Gehbehinderte, Kranke und Schwache d\u00fcrfen in der Sauna nicht alleingelassen werden.&nbsp;<\/li><li>Gesundheitliche Einschr\u00e4nkungen bezogen auf das Saunen m\u00fcssen mit dem Arzt besprochen werden.&nbsp;<\/li><li>\u00dcber das Saunen von Kleinkindern sollten Sie sich beim Arzt beraten lassen.&nbsp;<\/li><li>Gehen Sie nicht in die Sauna, wenn Sie unter dem Einfluss von Narkotika (Alkohol, Medikamenten, Drogen usw.) stehen.<\/li><li>Schlafen Sie nie in einer erhitzten Sauna.<\/li><li>Benutzen Sie die Sauna wegen der Brandgefahr nicht zum Kleider- oder W\u00e4schetrocknen.<\/li><li><strong>Vorsicht im Umgang mit Fl\u00fcssigkeiten: Es d\u00fcrfen keine Fl\u00fcssigkeiten (z.B. Aufgussmittel\/Sauna \u00d6l) auf die B\u00e4nke und in den Innenraum verwendet werden. Den Duft mit dem Aufgusswasser ausschlie\u00dflich auf die hei\u00dfen Steine gie\u00dfen. Pro Aufguss nehmen Sie max. 1 bis 2 Kellen des Aufguss-Wassers<\/strong>.<\/li><\/ul>\n\n\n\n<p class=\"has-text-align-center\">Benutzung auf eigene Gefahr. <\/p>\n\n\n\n<p class=\"has-text-align-center\">Vermieter \u00fcbernimmt keine Haftung<\/p>\n\n\n\n<p>Anschrift:  Eva-Maria Zimmermann ; Jugendheimweg 7; 86956 Schongau;<\/p>\n\n\n\n<p class=\"has-text-align-center\"> Telefon: <strong>+49 160 938 77 066<\/strong> <\/p>\n\n\n\n<p class=\"has-text-align-center\"> Mail: <a href=\"mailto:info@mobilesauna24.de\">info@mobilesauna24.de<\/a><a href=\"https:\/\/mobilesauna24.de\/\"> <\/a><\/p>\n\n\n\n<p class=\"has-text-align-center\"><a href=\"https:\/\/mobilesauna24.de\/\">https:\/\/mobilesauna24.de<\/a><a href=\"https:\/\/mobilesauna24.de\/\" target=\"_blank\" rel=\"noreferrer noopener\"> <\/a><\/p>\n\n\n\n<p class=\"has-text-align-center\"><a href=\"https:\/\/mobilesauna24.de\/\" target=\"_blank\" rel=\"noreferrer noopener\">https:\/\/schongauer-sauna-f\u00e4ssle.de<\/a><a href=\"https:\/\/mobilesauna24.de\/index.php\/privacy-policy\/\"> <\/a><\/p>\n\n\n\n<p class=\"has-text-align-center\"><a href=\"https:\/\/mobilesauna24.de\/index.php\/privacy-policy\/\">Datenschutzerkl\u00e4rung<\/a> <\/p>\n\n\n\n<p class=\"has-text-align-center\">Empfohlene Links: <\/p>\n\n\n\n<p class=\"has-text-align-center\"><a href=\"http:\/\/myfewo.eu\/\">www,myfewo.eu<\/a><a href=\"https:\/\/scholz-burggen.de\/\"> <\/a><\/p>\n\n\n\n<p class=\"has-text-align-center\"><a href=\"https:\/\/scholz-burggen.de\/\">https:\/\/scholz-burggen.de<\/a><\/p>\n\n\n\n<p class=\"has-text-align-center\"> <a href=\"http:\/\/klangundblueten.de\" target=\"_blank\" rel=\"noreferrer noopener\">http:\/\/klangundblueten.de<\/a> <\/p>\n","protected":false},"excerpt":{"rendered":"<p>Vorsichtsma\u00dfnahmen Ein langer Aufenthalt in einer hei\u00dfen Sauna f\u00fchrt zum Ansteigen der K\u00f6rpertemperatur, was gef\u00e4hrlich sein kann.&nbsp; Achtung vor dem&hellip;<\/p>\n","protected":false},"author":1,"featured_media":0,"parent":0,"menu_order":0,"comment_status":"closed","ping_status":"closed","template":"","meta":{"ngg_post_thumbnail":0,"footnotes":""},"class_list":["post-71","page","type-page","status-publish","hentry"],"_links":{"self":[{"href":"https:\/\/mobilesauna24.de\/index.php\/wp-json\/wp\/v2\/pages\/71","targetHints":{"allow":["GET"]}}],"collection":[{"href":"https:\/\/mobilesauna24.de\/index.php\/wp-json\/wp\/v2\/pages"}],"about":[{"href":"https:\/\/mobilesauna24.de\/index.php\/wp-json\/wp\/v2\/types\/page"}],"author":[{"embeddable":true,"href":"https:\/\/mobilesauna24.de\/index.php\/wp-json\/wp\/v2\/users\/1"}],"replies":[{"embeddable":true,"href":"https:\/\/mobilesauna24.de\/index.php\/wp-json\/wp\/v2\/comments?post=71"}],"version-history":[{"count":8,"href":"https:\/\/mobilesauna24.de\/index.php\/wp-json\/wp\/v2\/pages\/71\/revisions"}],"predecessor-version":[{"id":748,"href":"https:\/\/mobilesauna24.de\/index.php\/wp-json\/wp\/v2\/pages\/71\/revisions\/748"}],"wp:attachment":[{"href":"https:\/\/mobilesauna24.de\/index.php\/wp-json\/wp\/v2\/media?parent=71"}],"curies":[{"name":"wp","href":"https:\/\/api.w.org\/{rel}","templated":true}]}}