{"id":80,"date":"2021-02-20T02:31:40","date_gmt":"2021-02-20T01:31:40","guid":{"rendered":"http:\/\/mobilesauna24.de\/?page_id=80"},"modified":"2022-07-31T12:26:22","modified_gmt":"2022-07-31T11:26:22","slug":"saunaofen","status":"publish","type":"page","link":"https:\/\/mobilesauna24.de\/index.php\/saunaofen\/","title":{"rendered":"Wie?"},"content":{"rendered":"\n<h3 class=\"wp-block-heading\">Saunaofen-Befeuerung <\/h3>\n\n\n\n<p>Mit Anz\u00fcndwolle und wenigen schmalen Fichtenscheiten Feuer anz\u00fcnden bis es bei ein wenig ge\u00f6ffnetem Aschebeh\u00e4lter (wg dem Zug) ordentlich brennt und erst jetzt mit gr\u00f6\u00dferen Fichtenscheite den Saunaofen-Innenraum einmal ganz auff\u00fcllen und Aschebeh\u00e4lter fast\/ganz zumachen, bis die Temperatur ca. 60\u00b0 erreicht. Das dauert ein wenig. Im Sommer geht\u00b4s schneller.<\/p>\n\n\n\n<figure class=\"wp-block-image size-large\"><img loading=\"lazy\" decoding=\"async\" width=\"768\" height=\"1024\" src=\"https:\/\/mobilesauna24.de\/wp-content\/uploads\/2021\/05\/Saunaofen-768x1024.jpg\" alt=\"Saunaofen anheizen\" class=\"wp-image-197\" srcset=\"https:\/\/mobilesauna24.de\/wp-content\/uploads\/2021\/05\/Saunaofen-768x1024.jpg 768w, https:\/\/mobilesauna24.de\/wp-content\/uploads\/2021\/05\/Saunaofen-225x300.jpg 225w, https:\/\/mobilesauna24.de\/wp-content\/uploads\/2021\/05\/Saunaofen-1152x1536.jpg 1152w, https:\/\/mobilesauna24.de\/wp-content\/uploads\/2021\/05\/Saunaofen-1536x2048.jpg 1536w, https:\/\/mobilesauna24.de\/wp-content\/uploads\/2021\/05\/Saunaofen-1600x2133.jpg 1600w, https:\/\/mobilesauna24.de\/wp-content\/uploads\/2021\/05\/Saunaofen-scaled.jpg 1920w\" sizes=\"auto, (max-width: 768px) 100vw, 768px\" \/><figcaption>Saunaofen anheizen<\/figcaption><\/figure>\n\n\n\n<p><br><\/p>\n\n\n\n<p>Wenn Du Buche hast bei ca. 60\u00b0C \u00a0mit <strong><u>nur<\/u><\/strong> <strong>1 Buchenscheit<\/strong> \u00a0nachheizen. H\u00e4lt l\u00e4nger an und Hitze kommt schneller. Wenn nur Fichte zur Verf\u00fcgung steht, nochmals voll machen.<\/p>\n\n\n\n<p>Im Sommer braucht man weniger Holz als im Winter.<\/p>\n\n\n\n<p>Mit erreichter &nbsp;Temperatur von ca. 90\u00b0C erst wieder nachheizen wenn nur noch Glut vorhanden ist und die Temperatur <strong><u>langsam zu fallen beginnt<\/u><\/strong>, dann das Feuer nur mit einem kleinen<strong> Fichtenscheit<\/strong> in Gang halten, oder bei 70\u00b0C &#8211; wenn s wieder hei\u00dfer sein soll &#8211; mit 2-3 Fichtenscheite oder einem<strong> Buchenscheit<\/strong> nachlegen.<\/p>\n\n\n\n<p><\/p>\n\n\n\n<p><br>Bitte moderat und mit Gef\u00fchl heizen<br>Es darf nur unbehandeltes und trockenes Holz verwendet werden.<br>Verbrennungsgefahr am hei\u00dfen Ofen. <br><strong>H\u00f6chsttemperatur:<\/strong> Der Ofen darf nicht \u00fcberhitzt werden. Die Innentemperatur der Sauna darf 90 Grad nicht \u00fcberschreiten. Im Falle einer \u00dcberschreitung m\u00fcssen Sie die T\u00fcr \u00f6ffnen und f\u00fcr ausreichend Abk\u00fchlung sorgen.<\/p>\n\n\n\n<p><strong>Transport<\/strong><\/p>\n\n\n\n<p>Die Sauna kann auch abgeholt werden. Hierbei entfallen nat\u00fcrlich die Lieferkosten.<br>Bei Abholung gilt Folgendes zu beachten:<\/p>\n\n\n\n<ul class=\"wp-block-list\"><li>Zugfahrzeug muss 1500 kg ziehen k\u00f6nnen. Steht im Fahrzeugschein<\/li><li>Sie m\u00fcssen den F\u00fchrerschein 3, BE oder B96  haben<\/li><li>Ausreichender Stellplatz muss vorhanden sein: L= 5 m, B = 2,50 m, H\u00f6he = 3,5 m<\/li><li>Vorsichtig fahren sollte selbstverst\u00e4ndlich sein<\/li><li>nicht mehr als 80 km\/h<\/li><li>Die Sauna muss m\u00f6glichst gerade abgestellt werden. <\/li><li>Zudem muss -bevor sie abgeh\u00e4ngt wird- mit dem St\u00fctzrad, den 4 St\u00fctzen sowie den Bremskl\u00f6tzen gesichert werden und vor dem Abtransport nat\u00fcrlich wieder entfernt werden<\/li><li>Beim Abstellen auf \u00f6ffentlichen Pl\u00e4tzen z.B. am See, am Vereinsheim oder eines Parkplatzes sollte der Besitzer vorher gefragt werden\u2026.<\/li><li>Die Sauna muss ausreichend vom Nachbarn abgestellt werden wegen der Rauchentwicklung. Sowie nicht unter Vord\u00e4chern, geschlossenen R\u00e4umen oder in Garagen.<\/li><\/ul>\n\n\n\n<p><\/p>\n\n\n\n<h3 class=\"wp-block-heading\">Ablauf<\/h3>\n\n\n\n<p><br>Unter <strong>Kontakt<\/strong> auf unserer Homepage, <strong>Kontaktformular<\/strong> ausf\u00fcllen mit Name Anschrift email Telefon<br>Wunschtermin eintragen<br>Abholung oder Anlieferung?<br>Wohin?<br>Brauchen Sie Holz, D\u00fcfte, Lieget\u00fccher? Wieviel?<br><strong>Anzahlung von 50 Euro \u00fcberweisen<\/strong><br>Durch Anzahlung wird die Sauna verbindlich reserviert!<br>Bald kommt die Sauna oder wird abgeholt<br>Kaution und Restpreis bereithalten<br>Einf\u00fchrung geben lassen<br>\u00dcbergabeprotokoll unterschreiben<br><strong>Nutzungsvertrag<\/strong> den sie zugeschickt bekommen ausgedruckt und <strong>unterschrieben mitbringen<\/strong>.<br>Einheizen und genie\u00dfen, genie\u00dfen und genie\u00dfen  \u2026 3\u2026 4&#8230; 5&#8230; 6 &#8230; mal. Am n\u00e4chsten Tag nochmal von vorne..<br>Sauna zur\u00fcckbringen oder abholen lassen.<br>Rechtzeitige \u00dcbergabe mit Abnahme und bei ordnungsgem\u00e4\u00dfem Zustand Kaution zur\u00fcckbekommen.<br>Bald wieder buchen.<\/p>\n\n\n\n<p><br>Weiterempfehlung an Freunde!<\/p>\n\n\n\n<p><\/p>\n\n\n\n<p>Anschrift:  Eva-Maria Zimmermann ; Jugendheimweg 7; 86956 Schongau; <\/p>\n\n\n\n<p class=\"has-text-align-center\"> Telefon: <strong>+49 160 938 77 066<\/strong> <\/p>\n\n\n\n<p class=\"has-text-align-center\">Mail: <a href=\"mailto:info@mobilesauna24.de\">info@mobilesauna24.de<\/a><a href=\"https:\/\/mobilesauna24.de\/\"> <\/a><\/p>\n\n\n\n<p class=\"has-text-align-center\"><a href=\"https:\/\/mobilesauna24.de\/\">https:\/\/mobilesauna24.de<\/a><a href=\"https:\/\/mobilesauna24.de\/\" target=\"_blank\" rel=\"noreferrer noopener\"> <\/a><\/p>\n\n\n\n<p class=\"has-text-align-center\"><a href=\"https:\/\/mobilesauna24.de\/\" target=\"_blank\" rel=\"noreferrer noopener\">https:\/\/schongauer-sauna-f\u00e4ssle.de<\/a><a href=\"https:\/\/mobilesauna24.de\/index.php\/privacy-policy\/\"> <\/a><\/p>\n\n\n\n<p class=\"has-text-align-center\"><a href=\"https:\/\/mobilesauna24.de\/index.php\/privacy-policy\/\">Datenschutzerkl\u00e4rung<\/a> <\/p>\n\n\n\n<p class=\"has-text-align-center\">Empfohlene Links: <\/p>\n\n\n\n<p class=\"has-text-align-center\"><a href=\"https:\/\/myfewo.eu\/\">www,myfewo.eu<\/a><a href=\"https:\/\/scholz-burggen.de\/\"> <\/a><\/p>\n\n\n\n<p class=\"has-text-align-center\"><a href=\"https:\/\/scholz-burggen.de\/\">https:\/\/scholz-burggen.de<\/a><\/p>\n\n\n\n<p class=\"has-text-align-center\"> <a href=\"http:\/\/klangundblueten.de\" target=\"_blank\" rel=\"noreferrer noopener\">http:\/\/klangundblueten.de<\/a> <\/p>\n","protected":false},"excerpt":{"rendered":"<p>Saunaofen-Befeuerung Mit Anz\u00fcndwolle und wenigen schmalen Fichtenscheiten Feuer anz\u00fcnden bis es bei ein wenig ge\u00f6ffnetem Aschebeh\u00e4lter (wg dem Zug) ordentlich&hellip;<\/p>\n","protected":false},"author":1,"featured_media":0,"parent":0,"menu_order":0,"comment_status":"closed","ping_status":"closed","template":"","meta":{"ngg_post_thumbnail":0,"footnotes":""},"class_list":["post-80","page","type-page","status-publish","hentry"],"_links":{"self":[{"href":"https:\/\/mobilesauna24.de\/index.php\/wp-json\/wp\/v2\/pages\/80","targetHints":{"allow":["GET"]}}],"collection":[{"href":"https:\/\/mobilesauna24.de\/index.php\/wp-json\/wp\/v2\/pages"}],"about":[{"href":"https:\/\/mobilesauna24.de\/index.php\/wp-json\/wp\/v2\/types\/page"}],"author":[{"embeddable":true,"href":"https:\/\/mobilesauna24.de\/index.php\/wp-json\/wp\/v2\/users\/1"}],"replies":[{"embeddable":true,"href":"https:\/\/mobilesauna24.de\/index.php\/wp-json\/wp\/v2\/comments?post=80"}],"version-history":[{"count":22,"href":"https:\/\/mobilesauna24.de\/index.php\/wp-json\/wp\/v2\/pages\/80\/revisions"}],"predecessor-version":[{"id":790,"href":"https:\/\/mobilesauna24.de\/index.php\/wp-json\/wp\/v2\/pages\/80\/revisions\/790"}],"wp:attachment":[{"href":"https:\/\/mobilesauna24.de\/index.php\/wp-json\/wp\/v2\/media?parent=80"}],"curies":[{"name":"wp","href":"https:\/\/api.w.org\/{rel}","templated":true}]}}